{"id":3647,"date":"2021-06-02T19:54:32","date_gmt":"2021-06-02T17:54:32","guid":{"rendered":"https:\/\/www.bpoint.sk\/elizabeth\/?post_type=product&#038;p=3647"},"modified":"2025-06-03T06:21:36","modified_gmt":"2025-06-03T04:21:36","slug":"bacardi","status":"publish","type":"product","link":"https:\/\/www.salonelizabeth.sk\/index.php\/product\/bacardi\/","title":{"rendered":"Bacardi"},"content":{"rendered":"\t\t<div data-elementor-type=\"wp-post\" data-elementor-id=\"3647\" class=\"elementor elementor-3647\">\n\t\t\t\t\t\t<section class=\"elementor-section elementor-top-section elementor-element elementor-element-540b0b50 elementor-section-boxed elementor-section-height-default elementor-section-height-default\" data-id=\"540b0b50\" data-element_type=\"section\">\n\t\t\t\t\t\t<div class=\"elementor-container elementor-column-gap-no\">\n\t\t\t\t\t<div class=\"elementor-column elementor-col-100 elementor-top-column elementor-element elementor-element-3ab23aa7\" data-id=\"3ab23aa7\" data-element_type=\"column\">\n\t\t\t<div class=\"elementor-widget-wrap elementor-element-populated\">\n\t\t\t\t\t\t<div class=\"elementor-element elementor-element-78ae80b5 elementor-widget elementor-widget-text-editor\" data-id=\"78ae80b5\" data-element_type=\"widget\" data-widget_type=\"text-editor.default\">\n\t\t\t\t<div class=\"elementor-widget-container\">\n\t\t\t\t\t\t\t\t\t<p>Popis produktu<\/p>\t\t\t\t\t\t\t\t<\/div>\n\t\t\t\t<\/div>\n\t\t\t\t<div class=\"elementor-element elementor-element-38cb01ac elementor-widget elementor-widget-text-editor\" data-id=\"38cb01ac\" data-element_type=\"widget\" data-widget_type=\"text-editor.default\">\n\t\t\t\t<div class=\"elementor-widget-container\">\n\t\t\t\t\t\t\t\t\t<p>\u0160aty s opojn\u00fdm menom z ktor\u00fdch sa v\u00e1m zato\u010d\u00ed hlava a ka\u017ed\u00e9ho om\u00e1mia \u2661 \u017div\u00f4tik vy\u0161\u00edvan\u00fd \u010dipkovanou sie\u0165ovinou sa jav\u00ed ako prieh\u013eadn\u00fd a zd\u00e1 sa, \u017ee spl\u00fdva s poko\u017ekou. Rafinovan\u00e1 prieh\u013eadnos\u0165 rob\u00ed \u017eiv\u00f4tik e\u0161te jemnej\u0161\u00edm a zamatovej\u0161\u00edm. Nariasen\u00e1 tylov\u00e1 suk\u0148a perfektne zv\u00fdrazn\u00ed \u0161t\u00edhly p\u00e1s. Kone\u010dn\u00fd obraz nevesty sa tak ukazuje ako z\u00e1hadn\u00fd a neuverite\u013ene atrakt\u00edvny. \u013dahk\u00fd strih (bez \u0161nurovania).<\/p>\t\t\t\t\t\t\t\t<\/div>\n\t\t\t\t<\/div>\n\t\t\t\t\t<\/div>\n\t\t<\/div>\n\t\t\t\t\t<\/div>\n\t\t<\/section>\n\t\t\t\t<section class=\"elementor-section elementor-top-section elementor-element elementor-element-14101865 elementor-section-boxed elementor-section-height-default elementor-section-height-default\" data-id=\"14101865\" data-element_type=\"section\">\n\t\t\t\t\t\t<div class=\"elementor-container elementor-column-gap-no\">\n\t\t\t\t\t<div class=\"elementor-column elementor-col-50 elementor-top-column elementor-element elementor-element-309c2279\" data-id=\"309c2279\" data-element_type=\"column\">\n\t\t\t<div class=\"elementor-widget-wrap elementor-element-populated\">\n\t\t\t\t\t\t<div class=\"elementor-element elementor-element-626b5cf elementor-widget elementor-widget-text-editor\" data-id=\"626b5cf\" data-element_type=\"widget\" data-widget_type=\"text-editor.default\">\n\t\t\t\t<div class=\"elementor-widget-container\">\n\t\t\t\t\t\t\t\t\t<p>Ve\u013ekos\u0165<\/p>\t\t\t\t\t\t\t\t<\/div>\n\t\t\t\t<\/div>\n\t\t\t\t<div class=\"elementor-element elementor-element-421d5c2 elementor-widget elementor-widget-text-editor\" data-id=\"421d5c2\" data-element_type=\"widget\" data-widget_type=\"text-editor.default\">\n\t\t\t\t<div class=\"elementor-widget-container\">\n\t\t\t\t\t\t\t\t\t<p>34-36, 36-38<\/p>\t\t\t\t\t\t\t\t<\/div>\n\t\t\t\t<\/div>\n\t\t\t\t<div class=\"elementor-element elementor-element-6fd2961f elementor-widget elementor-widget-text-editor\" data-id=\"6fd2961f\" data-element_type=\"widget\" data-widget_type=\"text-editor.default\">\n\t\t\t\t<div class=\"elementor-widget-container\">\n\t\t\t\t\t\t\t\t\t<p>Farba<\/p>\t\t\t\t\t\t\t\t<\/div>\n\t\t\t\t<\/div>\n\t\t\t\t<div class=\"elementor-element elementor-element-bb56877 elementor-widget elementor-widget-text-editor\" data-id=\"bb56877\" data-element_type=\"widget\" data-widget_type=\"text-editor.default\">\n\t\t\t\t<div class=\"elementor-widget-container\">\n\t\t\t\t\t\t\t\t\t<p>Ivory (kr\u00e9mov\u00e1), Biela<\/p>\t\t\t\t\t\t\t\t<\/div>\n\t\t\t\t<\/div>\n\t\t\t\t\t<\/div>\n\t\t<\/div>\n\t\t\t\t<div class=\"elementor-column elementor-col-50 elementor-top-column elementor-element elementor-element-1ae0b320\" data-id=\"1ae0b320\" data-element_type=\"column\">\n\t\t\t<div class=\"elementor-widget-wrap\">\n\t\t\t\t\t\t\t<\/div>\n\t\t<\/div>\n\t\t\t\t\t<\/div>\n\t\t<\/section>\n\t\t\t\t<\/div>\n\t\t","protected":false},"excerpt":{"rendered":"<p>\u0160aty s opojn\u00fdm menom z ktor\u00fdch sa v\u00e1m zato\u010d\u00ed hlava a ka\u017ed\u00e9ho om\u00e1mia.<\/p>\n","protected":false},"featured_media":3648,"comment_status":"open","ping_status":"closed","template":"","meta":{"inline_featured_image":false,"_monsterinsights_skip_tracking":false,"_monsterinsights_sitenote_active":false,"_monsterinsights_sitenote_note":"","_monsterinsights_sitenote_category":0},"product_brand":[],"product_cat":[67],"product_tag":[],"class_list":{"0":"post-3647","1":"product","2":"type-product","3":"status-publish","4":"has-post-thumbnail","6":"product_cat-moderna-princezna","8":"first","9":"instock","10":"shipping-taxable","11":"product-type-simple"},"yoast_head":"<!-- This site is optimized with the Yoast SEO plugin v24.6 - https:\/\/yoast.com\/wordpress\/plugins\/seo\/ -->\n<title>Bacardi - Salon Elizabeth<\/title>\n<meta name=\"robots\" content=\"index, follow, max-snippet:-1, max-image-preview:large, max-video-preview:-1\" \/>\n<link rel=\"canonical\" href=\"https:\/\/www.salonelizabeth.sk\/index.php\/product\/bacardi\/\" \/>\n<meta property=\"og:locale\" content=\"sk_SK\" \/>\n<meta property=\"og:type\" content=\"article\" \/>\n<meta property=\"og:title\" content=\"Bacardi - Salon Elizabeth\" \/>\n<meta property=\"og:description\" content=\"\u0160aty s opojn\u00fdm menom z ktor\u00fdch sa v\u00e1m zato\u010d\u00ed hlava a ka\u017ed\u00e9ho om\u00e1mia.\" \/>\n<meta property=\"og:url\" content=\"https:\/\/www.salonelizabeth.sk\/index.php\/product\/bacardi\/\" \/>\n<meta property=\"og:site_name\" content=\"Salon Elizabeth\" \/>\n<meta property=\"article:modified_time\" content=\"2025-06-03T04:21:36+00:00\" \/>\n<meta property=\"og:image\" content=\"https:\/\/www.salonelizabeth.sk\/wp-content\/uploads\/2021\/06\/bacardi.jpg\" \/>\n\t<meta property=\"og:image:width\" content=\"603\" \/>\n\t<meta property=\"og:image:height\" content=\"613\" \/>\n\t<meta property=\"og:image:type\" content=\"image\/jpeg\" \/>\n<meta name=\"twitter:card\" content=\"summary_large_image\" \/>\n<meta name=\"twitter:label1\" content=\"Predpokladan\u00fd \u010das \u010d\u00edtania\" \/>\n\t<meta name=\"twitter:data1\" content=\"1 min\u00fata\" \/>\n<script type=\"application\/ld+json\" class=\"yoast-schema-graph\">{\"@context\":\"https:\/\/schema.org\",\"@graph\":[{\"@type\":\"WebPage\",\"@id\":\"https:\/\/www.salonelizabeth.sk\/index.php\/product\/bacardi\/\",\"url\":\"https:\/\/www.salonelizabeth.sk\/index.php\/product\/bacardi\/\",\"name\":\"Bacardi - Salon Elizabeth\",\"isPartOf\":{\"@id\":\"https:\/\/www.salonelizabeth.sk\/#website\"},\"primaryImageOfPage\":{\"@id\":\"https:\/\/www.salonelizabeth.sk\/index.php\/product\/bacardi\/#primaryimage\"},\"image\":{\"@id\":\"https:\/\/www.salonelizabeth.sk\/index.php\/product\/bacardi\/#primaryimage\"},\"thumbnailUrl\":\"https:\/\/www.salonelizabeth.sk\/wp-content\/uploads\/2021\/06\/bacardi.jpg\",\"datePublished\":\"2021-06-02T17:54:32+00:00\",\"dateModified\":\"2025-06-03T04:21:36+00:00\",\"breadcrumb\":{\"@id\":\"https:\/\/www.salonelizabeth.sk\/index.php\/product\/bacardi\/#breadcrumb\"},\"inLanguage\":\"sk-SK\",\"potentialAction\":[{\"@type\":\"ReadAction\",\"target\":[\"https:\/\/www.salonelizabeth.sk\/index.php\/product\/bacardi\/\"]}]},{\"@type\":\"ImageObject\",\"inLanguage\":\"sk-SK\",\"@id\":\"https:\/\/www.salonelizabeth.sk\/index.php\/product\/bacardi\/#primaryimage\",\"url\":\"https:\/\/www.salonelizabeth.sk\/wp-content\/uploads\/2021\/06\/bacardi.jpg\",\"contentUrl\":\"https:\/\/www.salonelizabeth.sk\/wp-content\/uploads\/2021\/06\/bacardi.jpg\",\"width\":603,\"height\":613},{\"@type\":\"BreadcrumbList\",\"@id\":\"https:\/\/www.salonelizabeth.sk\/index.php\/product\/bacardi\/#breadcrumb\",\"itemListElement\":[{\"@type\":\"ListItem\",\"position\":1,\"name\":\"Home\",\"item\":\"https:\/\/www.salonelizabeth.sk\/\"},{\"@type\":\"ListItem\",\"position\":2,\"name\":\"Shop\",\"item\":\"https:\/\/www.salonelizabeth.sk\/index.php\/shop\/\"},{\"@type\":\"ListItem\",\"position\":3,\"name\":\"Bacardi\"}]},{\"@type\":\"WebSite\",\"@id\":\"https:\/\/www.salonelizabeth.sk\/#website\",\"url\":\"https:\/\/www.salonelizabeth.sk\/\",\"name\":\"Salon Elizabeth\",\"description\":\"Len \u010fal\u0161ia WordPress str\u00e1nka\",\"potentialAction\":[{\"@type\":\"SearchAction\",\"target\":{\"@type\":\"EntryPoint\",\"urlTemplate\":\"https:\/\/www.salonelizabeth.sk\/?s={search_term_string}\"},\"query-input\":{\"@type\":\"PropertyValueSpecification\",\"valueRequired\":true,\"valueName\":\"search_term_string\"}}],\"inLanguage\":\"sk-SK\"}]}<\/script>\n<!-- \/ Yoast SEO plugin. -->","yoast_head_json":{"title":"Bacardi - Salon Elizabeth","robots":{"index":"index","follow":"follow","max-snippet":"max-snippet:-1","max-image-preview":"max-image-preview:large","max-video-preview":"max-video-preview:-1"},"canonical":"https:\/\/www.salonelizabeth.sk\/index.php\/product\/bacardi\/","og_locale":"sk_SK","og_type":"article","og_title":"Bacardi - Salon Elizabeth","og_description":"\u0160aty s opojn\u00fdm menom z ktor\u00fdch sa v\u00e1m zato\u010d\u00ed hlava a ka\u017ed\u00e9ho om\u00e1mia.","og_url":"https:\/\/www.salonelizabeth.sk\/index.php\/product\/bacardi\/","og_site_name":"Salon Elizabeth","article_modified_time":"2025-06-03T04:21:36+00:00","og_image":[{"width":603,"height":613,"url":"https:\/\/www.salonelizabeth.sk\/wp-content\/uploads\/2021\/06\/bacardi.jpg","type":"image\/jpeg"}],"twitter_card":"summary_large_image","twitter_misc":{"Predpokladan\u00fd \u010das \u010d\u00edtania":"1 min\u00fata"},"schema":{"@context":"https:\/\/schema.org","@graph":[{"@type":"WebPage","@id":"https:\/\/www.salonelizabeth.sk\/index.php\/product\/bacardi\/","url":"https:\/\/www.salonelizabeth.sk\/index.php\/product\/bacardi\/","name":"Bacardi - Salon Elizabeth","isPartOf":{"@id":"https:\/\/www.salonelizabeth.sk\/#website"},"primaryImageOfPage":{"@id":"https:\/\/www.salonelizabeth.sk\/index.php\/product\/bacardi\/#primaryimage"},"image":{"@id":"https:\/\/www.salonelizabeth.sk\/index.php\/product\/bacardi\/#primaryimage"},"thumbnailUrl":"https:\/\/www.salonelizabeth.sk\/wp-content\/uploads\/2021\/06\/bacardi.jpg","datePublished":"2021-06-02T17:54:32+00:00","dateModified":"2025-06-03T04:21:36+00:00","breadcrumb":{"@id":"https:\/\/www.salonelizabeth.sk\/index.php\/product\/bacardi\/#breadcrumb"},"inLanguage":"sk-SK","potentialAction":[{"@type":"ReadAction","target":["https:\/\/www.salonelizabeth.sk\/index.php\/product\/bacardi\/"]}]},{"@type":"ImageObject","inLanguage":"sk-SK","@id":"https:\/\/www.salonelizabeth.sk\/index.php\/product\/bacardi\/#primaryimage","url":"https:\/\/www.salonelizabeth.sk\/wp-content\/uploads\/2021\/06\/bacardi.jpg","contentUrl":"https:\/\/www.salonelizabeth.sk\/wp-content\/uploads\/2021\/06\/bacardi.jpg","width":603,"height":613},{"@type":"BreadcrumbList","@id":"https:\/\/www.salonelizabeth.sk\/index.php\/product\/bacardi\/#breadcrumb","itemListElement":[{"@type":"ListItem","position":1,"name":"Home","item":"https:\/\/www.salonelizabeth.sk\/"},{"@type":"ListItem","position":2,"name":"Shop","item":"https:\/\/www.salonelizabeth.sk\/index.php\/shop\/"},{"@type":"ListItem","position":3,"name":"Bacardi"}]},{"@type":"WebSite","@id":"https:\/\/www.salonelizabeth.sk\/#website","url":"https:\/\/www.salonelizabeth.sk\/","name":"Salon Elizabeth","description":"Len \u010fal\u0161ia WordPress str\u00e1nka","potentialAction":[{"@type":"SearchAction","target":{"@type":"EntryPoint","urlTemplate":"https:\/\/www.salonelizabeth.sk\/?s={search_term_string}"},"query-input":{"@type":"PropertyValueSpecification","valueRequired":true,"valueName":"search_term_string"}}],"inLanguage":"sk-SK"}]}},"_links":{"self":[{"href":"https:\/\/www.salonelizabeth.sk\/index.php\/wp-json\/wp\/v2\/product\/3647","targetHints":{"allow":["GET"]}}],"collection":[{"href":"https:\/\/www.salonelizabeth.sk\/index.php\/wp-json\/wp\/v2\/product"}],"about":[{"href":"https:\/\/www.salonelizabeth.sk\/index.php\/wp-json\/wp\/v2\/types\/product"}],"replies":[{"embeddable":true,"href":"https:\/\/www.salonelizabeth.sk\/index.php\/wp-json\/wp\/v2\/comments?post=3647"}],"version-history":[{"count":4,"href":"https:\/\/www.salonelizabeth.sk\/index.php\/wp-json\/wp\/v2\/product\/3647\/revisions"}],"predecessor-version":[{"id":3653,"href":"https:\/\/www.salonelizabeth.sk\/index.php\/wp-json\/wp\/v2\/product\/3647\/revisions\/3653"}],"wp:featuredmedia":[{"embeddable":true,"href":"https:\/\/www.salonelizabeth.sk\/index.php\/wp-json\/wp\/v2\/media\/3648"}],"wp:attachment":[{"href":"https:\/\/www.salonelizabeth.sk\/index.php\/wp-json\/wp\/v2\/media?parent=3647"}],"wp:term":[{"taxonomy":"product_brand","embeddable":true,"href":"https:\/\/www.salonelizabeth.sk\/index.php\/wp-json\/wp\/v2\/product_brand?post=3647"},{"taxonomy":"product_cat","embeddable":true,"href":"https:\/\/www.salonelizabeth.sk\/index.php\/wp-json\/wp\/v2\/product_cat?post=3647"},{"taxonomy":"product_tag","embeddable":true,"href":"https:\/\/www.salonelizabeth.sk\/index.php\/wp-json\/wp\/v2\/product_tag?post=3647"}],"curies":[{"name":"wp","href":"https:\/\/api.w.org\/{rel}","templated":true}]}}