{"id":3624,"date":"2021-06-02T19:38:39","date_gmt":"2021-06-02T17:38:39","guid":{"rendered":"https:\/\/www.bpoint.sk\/elizabeth\/?post_type=product&#038;p=3624"},"modified":"2024-11-18T11:14:15","modified_gmt":"2024-11-18T10:14:15","slug":"azaria","status":"publish","type":"product","link":"https:\/\/www.salonelizabeth.sk\/index.php\/product\/azaria\/","title":{"rendered":"Alicia"},"content":{"rendered":"\t\t<div data-elementor-type=\"wp-post\" data-elementor-id=\"3624\" class=\"elementor elementor-3624\">\n\t\t\t\t\t\t<section class=\"elementor-section elementor-top-section elementor-element elementor-element-540b0b50 elementor-section-boxed elementor-section-height-default elementor-section-height-default\" data-id=\"540b0b50\" data-element_type=\"section\">\n\t\t\t\t\t\t<div class=\"elementor-container elementor-column-gap-no\">\n\t\t\t\t\t<div class=\"elementor-column elementor-col-100 elementor-top-column elementor-element elementor-element-3ab23aa7\" data-id=\"3ab23aa7\" data-element_type=\"column\">\n\t\t\t<div class=\"elementor-widget-wrap elementor-element-populated\">\n\t\t\t\t\t\t<div class=\"elementor-element elementor-element-78ae80b5 elementor-widget elementor-widget-text-editor\" data-id=\"78ae80b5\" data-element_type=\"widget\" data-widget_type=\"text-editor.default\">\n\t\t\t\t<div class=\"elementor-widget-container\">\n\t\t\t\t\t\t\t\t\t<p>Popis produktu<\/p>\t\t\t\t\t\t\t\t<\/div>\n\t\t\t\t<\/div>\n\t\t\t\t<div class=\"elementor-element elementor-element-38cb01ac elementor-widget elementor-widget-text-editor\" data-id=\"38cb01ac\" data-element_type=\"widget\" data-widget_type=\"text-editor.default\">\n\t\t\t\t<div class=\"elementor-widget-container\">\n\t\t\t\t\t\t\t\t\t<p>Luxusn\u00e9 svadobn\u00e9 \u0161aty z trblietavej l\u00e1tky s naf\u00faknut\u00fdmi ruk\u00e1vmi a \u017eiv\u00f4tikom vy\u0161\u00edvan\u00fdm hypnotizuj\u00facimi vzormi. <br \/>Zosta\u0165 s\u00e1m sebou, by\u0165 vern\u00fd svojim t\u00fa\u017ebam a kona\u0165 tak, ako v\u00e1m hovor\u00ed srdce, je ide\u00e1l, o ktor\u00fd sa mus\u00edte usilova\u0165. \u2800 \u2800 <br \/>Tak\u00e1to \u017eena so silnou v\u00f4\u013eou si zasl\u00fa\u017ei \u0161peci\u00e1lne \u0161aty, ako napr\u00edklad n\u00e1\u0161 model \u201eAlicia\u201c \u2661 \u2800<br \/><br \/><\/p>\t\t\t\t\t\t\t\t<\/div>\n\t\t\t\t<\/div>\n\t\t\t\t\t<\/div>\n\t\t<\/div>\n\t\t\t\t\t<\/div>\n\t\t<\/section>\n\t\t\t\t<section class=\"elementor-section elementor-top-section elementor-element elementor-element-14101865 elementor-section-boxed elementor-section-height-default elementor-section-height-default\" data-id=\"14101865\" data-element_type=\"section\">\n\t\t\t\t\t\t<div class=\"elementor-container elementor-column-gap-no\">\n\t\t\t\t\t<div class=\"elementor-column elementor-col-50 elementor-top-column elementor-element elementor-element-309c2279\" data-id=\"309c2279\" data-element_type=\"column\">\n\t\t\t<div class=\"elementor-widget-wrap elementor-element-populated\">\n\t\t\t\t\t\t<div class=\"elementor-element elementor-element-626b5cf elementor-widget elementor-widget-text-editor\" data-id=\"626b5cf\" data-element_type=\"widget\" data-widget_type=\"text-editor.default\">\n\t\t\t\t<div class=\"elementor-widget-container\">\n\t\t\t\t\t\t\t\t\t<p>Ve\u013ekos\u0165<\/p>\t\t\t\t\t\t\t\t<\/div>\n\t\t\t\t<\/div>\n\t\t\t\t<div class=\"elementor-element elementor-element-421d5c2 elementor-widget elementor-widget-text-editor\" data-id=\"421d5c2\" data-element_type=\"widget\" data-widget_type=\"text-editor.default\">\n\t\t\t\t<div class=\"elementor-widget-container\">\n\t\t\t\t\t\t\t\t\t<p>34-36, 36-38, 38-40, 40-42<\/p>\t\t\t\t\t\t\t\t<\/div>\n\t\t\t\t<\/div>\n\t\t\t\t<div class=\"elementor-element elementor-element-6fd2961f elementor-widget elementor-widget-text-editor\" data-id=\"6fd2961f\" data-element_type=\"widget\" data-widget_type=\"text-editor.default\">\n\t\t\t\t<div class=\"elementor-widget-container\">\n\t\t\t\t\t\t\t\t\t<p>Farba<\/p>\t\t\t\t\t\t\t\t<\/div>\n\t\t\t\t<\/div>\n\t\t\t\t<div class=\"elementor-element elementor-element-bb56877 elementor-widget elementor-widget-text-editor\" data-id=\"bb56877\" data-element_type=\"widget\" data-widget_type=\"text-editor.default\">\n\t\t\t\t<div class=\"elementor-widget-container\">\n\t\t\t\t\t\t\t\t\t<p>Ivory (kr\u00e9mov\u00e1), Biela<\/p>\t\t\t\t\t\t\t\t<\/div>\n\t\t\t\t<\/div>\n\t\t\t\t\t<\/div>\n\t\t<\/div>\n\t\t\t\t<div class=\"elementor-column elementor-col-50 elementor-top-column elementor-element elementor-element-1ae0b320\" data-id=\"1ae0b320\" data-element_type=\"column\">\n\t\t\t<div class=\"elementor-widget-wrap\">\n\t\t\t\t\t\t\t<\/div>\n\t\t<\/div>\n\t\t\t\t\t<\/div>\n\t\t<\/section>\n\t\t\t\t<\/div>\n\t\t","protected":false},"excerpt":{"rendered":"<p>Luxusn\u00e9 svadobn\u00e9 \u0161aty z trblietavej l\u00e1tky s naf\u00faknut\u00fdmi ruk\u00e1vmi a \u017eiv\u00f4tikom vy\u0161\u00edvan\u00fdm hypnotizuj\u00facimi vzormi.<\/p>\n","protected":false},"featured_media":3626,"comment_status":"open","ping_status":"closed","template":"","meta":{"inline_featured_image":false,"_monsterinsights_skip_tracking":false,"_monsterinsights_sitenote_active":false,"_monsterinsights_sitenote_note":"","_monsterinsights_sitenote_category":0},"product_brand":[],"product_cat":[67],"product_tag":[],"class_list":{"0":"post-3624","1":"product","2":"type-product","3":"status-publish","4":"has-post-thumbnail","6":"product_cat-moderna-princezna","8":"first","9":"instock","10":"shipping-taxable","11":"product-type-simple"},"yoast_head":"<!-- This site is optimized with the Yoast SEO plugin v24.6 - https:\/\/yoast.com\/wordpress\/plugins\/seo\/ -->\n<title>Alicia - Salon Elizabeth<\/title>\n<meta name=\"robots\" content=\"index, follow, max-snippet:-1, max-image-preview:large, max-video-preview:-1\" \/>\n<link rel=\"canonical\" href=\"https:\/\/www.salonelizabeth.sk\/index.php\/product\/azaria\/\" \/>\n<meta property=\"og:locale\" content=\"sk_SK\" \/>\n<meta property=\"og:type\" content=\"article\" \/>\n<meta property=\"og:title\" content=\"Alicia - Salon Elizabeth\" \/>\n<meta property=\"og:description\" content=\"Luxusn\u00e9 svadobn\u00e9 \u0161aty z trblietavej l\u00e1tky s naf\u00faknut\u00fdmi ruk\u00e1vmi a \u017eiv\u00f4tikom vy\u0161\u00edvan\u00fdm hypnotizuj\u00facimi vzormi.\" \/>\n<meta property=\"og:url\" content=\"https:\/\/www.salonelizabeth.sk\/index.php\/product\/azaria\/\" \/>\n<meta property=\"og:site_name\" content=\"Salon Elizabeth\" \/>\n<meta property=\"article:modified_time\" content=\"2024-11-18T10:14:15+00:00\" \/>\n<meta property=\"og:image\" content=\"https:\/\/www.salonelizabeth.sk\/wp-content\/uploads\/2021\/06\/alicia.jpg\" \/>\n\t<meta property=\"og:image:width\" content=\"603\" \/>\n\t<meta property=\"og:image:height\" content=\"613\" \/>\n\t<meta property=\"og:image:type\" content=\"image\/jpeg\" \/>\n<meta name=\"twitter:card\" content=\"summary_large_image\" \/>\n<meta name=\"twitter:label1\" content=\"Predpokladan\u00fd \u010das \u010d\u00edtania\" \/>\n\t<meta name=\"twitter:data1\" content=\"1 min\u00fata\" \/>\n<script type=\"application\/ld+json\" class=\"yoast-schema-graph\">{\"@context\":\"https:\/\/schema.org\",\"@graph\":[{\"@type\":\"WebPage\",\"@id\":\"https:\/\/www.salonelizabeth.sk\/index.php\/product\/azaria\/\",\"url\":\"https:\/\/www.salonelizabeth.sk\/index.php\/product\/azaria\/\",\"name\":\"Alicia - Salon Elizabeth\",\"isPartOf\":{\"@id\":\"https:\/\/www.salonelizabeth.sk\/#website\"},\"primaryImageOfPage\":{\"@id\":\"https:\/\/www.salonelizabeth.sk\/index.php\/product\/azaria\/#primaryimage\"},\"image\":{\"@id\":\"https:\/\/www.salonelizabeth.sk\/index.php\/product\/azaria\/#primaryimage\"},\"thumbnailUrl\":\"https:\/\/www.salonelizabeth.sk\/wp-content\/uploads\/2021\/06\/alicia.jpg\",\"datePublished\":\"2021-06-02T17:38:39+00:00\",\"dateModified\":\"2024-11-18T10:14:15+00:00\",\"breadcrumb\":{\"@id\":\"https:\/\/www.salonelizabeth.sk\/index.php\/product\/azaria\/#breadcrumb\"},\"inLanguage\":\"sk-SK\",\"potentialAction\":[{\"@type\":\"ReadAction\",\"target\":[\"https:\/\/www.salonelizabeth.sk\/index.php\/product\/azaria\/\"]}]},{\"@type\":\"ImageObject\",\"inLanguage\":\"sk-SK\",\"@id\":\"https:\/\/www.salonelizabeth.sk\/index.php\/product\/azaria\/#primaryimage\",\"url\":\"https:\/\/www.salonelizabeth.sk\/wp-content\/uploads\/2021\/06\/alicia.jpg\",\"contentUrl\":\"https:\/\/www.salonelizabeth.sk\/wp-content\/uploads\/2021\/06\/alicia.jpg\",\"width\":603,\"height\":613},{\"@type\":\"BreadcrumbList\",\"@id\":\"https:\/\/www.salonelizabeth.sk\/index.php\/product\/azaria\/#breadcrumb\",\"itemListElement\":[{\"@type\":\"ListItem\",\"position\":1,\"name\":\"Home\",\"item\":\"https:\/\/www.salonelizabeth.sk\/\"},{\"@type\":\"ListItem\",\"position\":2,\"name\":\"Shop\",\"item\":\"https:\/\/www.salonelizabeth.sk\/index.php\/shop\/\"},{\"@type\":\"ListItem\",\"position\":3,\"name\":\"Alicia\"}]},{\"@type\":\"WebSite\",\"@id\":\"https:\/\/www.salonelizabeth.sk\/#website\",\"url\":\"https:\/\/www.salonelizabeth.sk\/\",\"name\":\"Salon Elizabeth\",\"description\":\"Len \u010fal\u0161ia WordPress str\u00e1nka\",\"potentialAction\":[{\"@type\":\"SearchAction\",\"target\":{\"@type\":\"EntryPoint\",\"urlTemplate\":\"https:\/\/www.salonelizabeth.sk\/?s={search_term_string}\"},\"query-input\":{\"@type\":\"PropertyValueSpecification\",\"valueRequired\":true,\"valueName\":\"search_term_string\"}}],\"inLanguage\":\"sk-SK\"}]}<\/script>\n<!-- \/ Yoast SEO plugin. -->","yoast_head_json":{"title":"Alicia - Salon Elizabeth","robots":{"index":"index","follow":"follow","max-snippet":"max-snippet:-1","max-image-preview":"max-image-preview:large","max-video-preview":"max-video-preview:-1"},"canonical":"https:\/\/www.salonelizabeth.sk\/index.php\/product\/azaria\/","og_locale":"sk_SK","og_type":"article","og_title":"Alicia - Salon Elizabeth","og_description":"Luxusn\u00e9 svadobn\u00e9 \u0161aty z trblietavej l\u00e1tky s naf\u00faknut\u00fdmi ruk\u00e1vmi a \u017eiv\u00f4tikom vy\u0161\u00edvan\u00fdm hypnotizuj\u00facimi vzormi.","og_url":"https:\/\/www.salonelizabeth.sk\/index.php\/product\/azaria\/","og_site_name":"Salon Elizabeth","article_modified_time":"2024-11-18T10:14:15+00:00","og_image":[{"width":603,"height":613,"url":"https:\/\/www.salonelizabeth.sk\/wp-content\/uploads\/2021\/06\/alicia.jpg","type":"image\/jpeg"}],"twitter_card":"summary_large_image","twitter_misc":{"Predpokladan\u00fd \u010das \u010d\u00edtania":"1 min\u00fata"},"schema":{"@context":"https:\/\/schema.org","@graph":[{"@type":"WebPage","@id":"https:\/\/www.salonelizabeth.sk\/index.php\/product\/azaria\/","url":"https:\/\/www.salonelizabeth.sk\/index.php\/product\/azaria\/","name":"Alicia - Salon Elizabeth","isPartOf":{"@id":"https:\/\/www.salonelizabeth.sk\/#website"},"primaryImageOfPage":{"@id":"https:\/\/www.salonelizabeth.sk\/index.php\/product\/azaria\/#primaryimage"},"image":{"@id":"https:\/\/www.salonelizabeth.sk\/index.php\/product\/azaria\/#primaryimage"},"thumbnailUrl":"https:\/\/www.salonelizabeth.sk\/wp-content\/uploads\/2021\/06\/alicia.jpg","datePublished":"2021-06-02T17:38:39+00:00","dateModified":"2024-11-18T10:14:15+00:00","breadcrumb":{"@id":"https:\/\/www.salonelizabeth.sk\/index.php\/product\/azaria\/#breadcrumb"},"inLanguage":"sk-SK","potentialAction":[{"@type":"ReadAction","target":["https:\/\/www.salonelizabeth.sk\/index.php\/product\/azaria\/"]}]},{"@type":"ImageObject","inLanguage":"sk-SK","@id":"https:\/\/www.salonelizabeth.sk\/index.php\/product\/azaria\/#primaryimage","url":"https:\/\/www.salonelizabeth.sk\/wp-content\/uploads\/2021\/06\/alicia.jpg","contentUrl":"https:\/\/www.salonelizabeth.sk\/wp-content\/uploads\/2021\/06\/alicia.jpg","width":603,"height":613},{"@type":"BreadcrumbList","@id":"https:\/\/www.salonelizabeth.sk\/index.php\/product\/azaria\/#breadcrumb","itemListElement":[{"@type":"ListItem","position":1,"name":"Home","item":"https:\/\/www.salonelizabeth.sk\/"},{"@type":"ListItem","position":2,"name":"Shop","item":"https:\/\/www.salonelizabeth.sk\/index.php\/shop\/"},{"@type":"ListItem","position":3,"name":"Alicia"}]},{"@type":"WebSite","@id":"https:\/\/www.salonelizabeth.sk\/#website","url":"https:\/\/www.salonelizabeth.sk\/","name":"Salon Elizabeth","description":"Len \u010fal\u0161ia WordPress str\u00e1nka","potentialAction":[{"@type":"SearchAction","target":{"@type":"EntryPoint","urlTemplate":"https:\/\/www.salonelizabeth.sk\/?s={search_term_string}"},"query-input":{"@type":"PropertyValueSpecification","valueRequired":true,"valueName":"search_term_string"}}],"inLanguage":"sk-SK"}]}},"_links":{"self":[{"href":"https:\/\/www.salonelizabeth.sk\/index.php\/wp-json\/wp\/v2\/product\/3624","targetHints":{"allow":["GET"]}}],"collection":[{"href":"https:\/\/www.salonelizabeth.sk\/index.php\/wp-json\/wp\/v2\/product"}],"about":[{"href":"https:\/\/www.salonelizabeth.sk\/index.php\/wp-json\/wp\/v2\/types\/product"}],"replies":[{"embeddable":true,"href":"https:\/\/www.salonelizabeth.sk\/index.php\/wp-json\/wp\/v2\/comments?post=3624"}],"version-history":[{"count":5,"href":"https:\/\/www.salonelizabeth.sk\/index.php\/wp-json\/wp\/v2\/product\/3624\/revisions"}],"predecessor-version":[{"id":3631,"href":"https:\/\/www.salonelizabeth.sk\/index.php\/wp-json\/wp\/v2\/product\/3624\/revisions\/3631"}],"wp:featuredmedia":[{"embeddable":true,"href":"https:\/\/www.salonelizabeth.sk\/index.php\/wp-json\/wp\/v2\/media\/3626"}],"wp:attachment":[{"href":"https:\/\/www.salonelizabeth.sk\/index.php\/wp-json\/wp\/v2\/media?parent=3624"}],"wp:term":[{"taxonomy":"product_brand","embeddable":true,"href":"https:\/\/www.salonelizabeth.sk\/index.php\/wp-json\/wp\/v2\/product_brand?post=3624"},{"taxonomy":"product_cat","embeddable":true,"href":"https:\/\/www.salonelizabeth.sk\/index.php\/wp-json\/wp\/v2\/product_cat?post=3624"},{"taxonomy":"product_tag","embeddable":true,"href":"https:\/\/www.salonelizabeth.sk\/index.php\/wp-json\/wp\/v2\/product_tag?post=3624"}],"curies":[{"name":"wp","href":"https:\/\/api.w.org\/{rel}","templated":true}]}}