{"id":3342,"date":"2021-05-28T16:23:56","date_gmt":"2021-05-28T14:23:56","guid":{"rendered":"https:\/\/www.bpoint.sk\/elizabeth\/?page_id=3342"},"modified":"2024-11-18T11:17:40","modified_gmt":"2024-11-18T10:17:40","slug":"kontakt","status":"publish","type":"page","link":"https:\/\/www.salonelizabeth.sk\/index.php\/kontakt\/","title":{"rendered":"Kontakt"},"content":{"rendered":"<h2>Adresa<\/h2>\n<p>29. AUGUSTA 10195\/7A<br \/>\n036 01 MARTIN<br \/>\n\/ nad Fotoateli\u00e9rom BaB \/<\/p>\n<h2>Otv\u00e1racie hodiny<\/h2>\n<p>Pondelok &#8211; Piatok:<br \/>\n10:00 &#8211; 12:00<br \/>\n13:00 &#8211; 17:00<br \/>\nVikend po telefonickom dohovore<\/p>\n<h2>Kontakt<\/h2>\n<p>+421 902 204 280<br \/>\n<a href=\"mailto:salonelizabeth.mt@gmail.com\">salonelizabeth.mt@gmail.com<\/a><\/p>\n<p>Pr\u00e1ca v sal\u00f3ne vy\u017eaduje r\u00f4zne \u010dinnosti, styk s dod\u00e1vate\u013eom tovaru a kraj\u010d\u00edrkami, \u00fadr\u017ebu \u0161iat a samotn\u00e9ho sal\u00f3nu, preto je aj tomuto prisp\u00f4soben\u00e1 dostupnos\u0165 slu\u017eieb resp. otv\u00e1racie hodiny v samotnom sal\u00f3ne.<\/p>\n<p>Upozor\u0148ujeme cten\u00e9 z\u00e1kazn\u00ed\u010dky, \u017ee na sk\u00fa\u0161anie svadobn\u00fdch \u0161iat a doplnkov si treba vy\u010dleni\u0165 \u010das 1,5 a\u017e 2 hodiny.<\/p>\n<p>Jednor\u00e1zov\u00e1 cena za sk\u00fa\u0161anie \u013eubovoln\u00e9ho mno\u017estva svadobn\u00fdch \u0161iat\u00a0 je 15 Eur.<\/p>\n<h2>Kontaktn\u00fd formul\u00e1r<\/h2>\n\n<div class=\"wpcf7 no-js\" id=\"wpcf7-f5-o1\" lang=\"en-US\" dir=\"ltr\" data-wpcf7-id=\"5\">\n<div class=\"screen-reader-response\"><p role=\"status\" aria-live=\"polite\" aria-atomic=\"true\"><\/p> <ul><\/ul><\/div>\n<form action=\"\/index.php\/wp-json\/wp\/v2\/pages\/3342#wpcf7-f5-o1\" method=\"post\" class=\"wpcf7-form init\" aria-label=\"Contact form\" novalidate=\"novalidate\" data-status=\"init\">\n<div style=\"display: none;\">\n<input type=\"hidden\" name=\"_wpcf7\" value=\"5\" \/>\n<input type=\"hidden\" name=\"_wpcf7_version\" value=\"6.0.4\" \/>\n<input type=\"hidden\" name=\"_wpcf7_locale\" value=\"en_US\" \/>\n<input type=\"hidden\" name=\"_wpcf7_unit_tag\" value=\"wpcf7-f5-o1\" \/>\n<input type=\"hidden\" name=\"_wpcf7_container_post\" value=\"0\" \/>\n<input type=\"hidden\" name=\"_wpcf7_posted_data_hash\" value=\"\" \/>\n<\/div>\n<p><label> Va\u0161e meno<br \/>\n<span class=\"wpcf7-form-control-wrap\" data-name=\"your-name\"><input size=\"40\" maxlength=\"400\" class=\"wpcf7-form-control wpcf7-text wpcf7-validates-as-required\" aria-required=\"true\" aria-invalid=\"false\" value=\"\" type=\"text\" name=\"your-name\" \/><\/span> <\/label>\n<\/p>\n<p><label> V\u00e1\u0161 e-mail<br \/>\n<span class=\"wpcf7-form-control-wrap\" data-name=\"your-email\"><input size=\"40\" maxlength=\"400\" class=\"wpcf7-form-control wpcf7-email wpcf7-validates-as-required wpcf7-text wpcf7-validates-as-email\" aria-required=\"true\" aria-invalid=\"false\" value=\"\" type=\"email\" name=\"your-email\" \/><\/span> <\/label>\n<\/p>\n<p><label> Predmet<br \/>\n<span class=\"wpcf7-form-control-wrap\" data-name=\"your-subject\"><input size=\"40\" maxlength=\"400\" class=\"wpcf7-form-control wpcf7-text\" aria-invalid=\"false\" value=\"\" type=\"text\" name=\"your-subject\" \/><\/span> <\/label>\n<\/p>\n<p><label> Va\u0161a spr\u00e1va<br \/>\n<span class=\"wpcf7-form-control-wrap\" data-name=\"your-message\"><textarea cols=\"40\" rows=\"10\" maxlength=\"2000\" class=\"wpcf7-form-control wpcf7-textarea\" aria-invalid=\"false\" name=\"your-message\"><\/textarea><\/span> <\/label>\n<\/p>\n<p><input class=\"wpcf7-form-control wpcf7-submit has-spinner\" type=\"submit\" value=\"Odosla\u0165\" \/>\n<\/p><div class=\"wpcf7-response-output\" aria-hidden=\"true\"><\/div>\n<\/form>\n<\/div>\n\n<p><iframe title=\"%3$s\" src=\"https:\/\/maps.google.com\/maps?q=29.%20AUGUSTA%2010195%2F7A%20%20036%2001%20MARTIN%20salon%20elizabeth&amp;t=m&amp;z=17&amp;output=embed&amp;iwloc=near\" frameborder=\"0\" marginwidth=\"0\" marginheight=\"0\" scrolling=\"no\" aria-label=\"%3$s\"><\/iframe><\/p>\n","protected":false},"excerpt":{"rendered":"<p>Adresa 29. AUGUSTA 10195\/7A 036 01 MARTIN \/ nad Fotoateli\u00e9rom BaB \/ Otv\u00e1racie hodiny Pondelok &#8211; Piatok: 10:00 &#8211; 12:00 13:00 &#8211; 17:00 Vikend po telefonickom dohovore Kontakt +421 902 204 280 salonelizabeth.mt@gmail.com Pr\u00e1ca v sal\u00f3ne vy\u017eaduje r\u00f4zne \u010dinnosti, styk s dod\u00e1vate\u013eom tovaru a kraj\u010d\u00edrkami, \u00fadr\u017ebu \u0161iat a samotn\u00e9ho sal\u00f3nu, preto je aj tomuto prisp\u00f4soben\u00e1 [&hellip;]<\/p>\n","protected":false},"author":1,"featured_media":0,"parent":0,"menu_order":0,"comment_status":"closed","ping_status":"closed","template":"elementor_header_footer","meta":{"inline_featured_image":false,"_monsterinsights_skip_tracking":false,"_monsterinsights_sitenote_active":false,"_monsterinsights_sitenote_note":"","_monsterinsights_sitenote_category":0,"footnotes":""},"class_list":["post-3342","page","type-page","status-publish","hentry"],"yoast_head":"<!-- This site is optimized with the Yoast SEO plugin v24.6 - https:\/\/yoast.com\/wordpress\/plugins\/seo\/ -->\n<title>Kontakt - Salon Elizabeth<\/title>\n<meta name=\"robots\" content=\"index, follow, max-snippet:-1, max-image-preview:large, max-video-preview:-1\" \/>\n<link rel=\"canonical\" href=\"https:\/\/www.salonelizabeth.sk\/index.php\/kontakt\/\" \/>\n<meta property=\"og:locale\" content=\"sk_SK\" \/>\n<meta property=\"og:type\" content=\"article\" \/>\n<meta property=\"og:title\" content=\"Kontakt - Salon Elizabeth\" \/>\n<meta property=\"og:description\" content=\"Adresa 29. AUGUSTA 10195\/7A 036 01 MARTIN \/ nad Fotoateli\u00e9rom BaB \/ Otv\u00e1racie hodiny Pondelok &#8211; Piatok: 10:00 &#8211; 12:00 13:00 &#8211; 17:00 Vikend po telefonickom dohovore Kontakt +421 902 204 280 salonelizabeth.mt@gmail.com Pr\u00e1ca v sal\u00f3ne vy\u017eaduje r\u00f4zne \u010dinnosti, styk s dod\u00e1vate\u013eom tovaru a kraj\u010d\u00edrkami, \u00fadr\u017ebu \u0161iat a samotn\u00e9ho sal\u00f3nu, preto je aj tomuto prisp\u00f4soben\u00e1 [&hellip;]\" \/>\n<meta property=\"og:url\" content=\"https:\/\/www.salonelizabeth.sk\/index.php\/kontakt\/\" \/>\n<meta property=\"og:site_name\" content=\"Salon Elizabeth\" \/>\n<meta property=\"article:modified_time\" content=\"2024-11-18T10:17:40+00:00\" \/>\n<meta name=\"twitter:card\" content=\"summary_large_image\" \/>\n<meta name=\"twitter:label1\" content=\"Predpokladan\u00fd \u010das \u010d\u00edtania\" \/>\n\t<meta name=\"twitter:data1\" content=\"1 min\u00fata\" \/>\n<script type=\"application\/ld+json\" class=\"yoast-schema-graph\">{\"@context\":\"https:\/\/schema.org\",\"@graph\":[{\"@type\":\"WebPage\",\"@id\":\"https:\/\/www.salonelizabeth.sk\/index.php\/kontakt\/\",\"url\":\"https:\/\/www.salonelizabeth.sk\/index.php\/kontakt\/\",\"name\":\"Kontakt - Salon Elizabeth\",\"isPartOf\":{\"@id\":\"https:\/\/www.salonelizabeth.sk\/#website\"},\"datePublished\":\"2021-05-28T14:23:56+00:00\",\"dateModified\":\"2024-11-18T10:17:40+00:00\",\"breadcrumb\":{\"@id\":\"https:\/\/www.salonelizabeth.sk\/index.php\/kontakt\/#breadcrumb\"},\"inLanguage\":\"sk-SK\",\"potentialAction\":[{\"@type\":\"ReadAction\",\"target\":[\"https:\/\/www.salonelizabeth.sk\/index.php\/kontakt\/\"]}]},{\"@type\":\"BreadcrumbList\",\"@id\":\"https:\/\/www.salonelizabeth.sk\/index.php\/kontakt\/#breadcrumb\",\"itemListElement\":[{\"@type\":\"ListItem\",\"position\":1,\"name\":\"Home\",\"item\":\"https:\/\/www.salonelizabeth.sk\/\"},{\"@type\":\"ListItem\",\"position\":2,\"name\":\"Kontakt\"}]},{\"@type\":\"WebSite\",\"@id\":\"https:\/\/www.salonelizabeth.sk\/#website\",\"url\":\"https:\/\/www.salonelizabeth.sk\/\",\"name\":\"Salon Elizabeth\",\"description\":\"Len \u010fal\u0161ia WordPress str\u00e1nka\",\"potentialAction\":[{\"@type\":\"SearchAction\",\"target\":{\"@type\":\"EntryPoint\",\"urlTemplate\":\"https:\/\/www.salonelizabeth.sk\/?s={search_term_string}\"},\"query-input\":{\"@type\":\"PropertyValueSpecification\",\"valueRequired\":true,\"valueName\":\"search_term_string\"}}],\"inLanguage\":\"sk-SK\"}]}<\/script>\n<!-- \/ Yoast SEO plugin. -->","yoast_head_json":{"title":"Kontakt - Salon Elizabeth","robots":{"index":"index","follow":"follow","max-snippet":"max-snippet:-1","max-image-preview":"max-image-preview:large","max-video-preview":"max-video-preview:-1"},"canonical":"https:\/\/www.salonelizabeth.sk\/index.php\/kontakt\/","og_locale":"sk_SK","og_type":"article","og_title":"Kontakt - Salon Elizabeth","og_description":"Adresa 29. AUGUSTA 10195\/7A 036 01 MARTIN \/ nad Fotoateli\u00e9rom BaB \/ Otv\u00e1racie hodiny Pondelok &#8211; Piatok: 10:00 &#8211; 12:00 13:00 &#8211; 17:00 Vikend po telefonickom dohovore Kontakt +421 902 204 280 salonelizabeth.mt@gmail.com Pr\u00e1ca v sal\u00f3ne vy\u017eaduje r\u00f4zne \u010dinnosti, styk s dod\u00e1vate\u013eom tovaru a kraj\u010d\u00edrkami, \u00fadr\u017ebu \u0161iat a samotn\u00e9ho sal\u00f3nu, preto je aj tomuto prisp\u00f4soben\u00e1 [&hellip;]","og_url":"https:\/\/www.salonelizabeth.sk\/index.php\/kontakt\/","og_site_name":"Salon Elizabeth","article_modified_time":"2024-11-18T10:17:40+00:00","twitter_card":"summary_large_image","twitter_misc":{"Predpokladan\u00fd \u010das \u010d\u00edtania":"1 min\u00fata"},"schema":{"@context":"https:\/\/schema.org","@graph":[{"@type":"WebPage","@id":"https:\/\/www.salonelizabeth.sk\/index.php\/kontakt\/","url":"https:\/\/www.salonelizabeth.sk\/index.php\/kontakt\/","name":"Kontakt - Salon Elizabeth","isPartOf":{"@id":"https:\/\/www.salonelizabeth.sk\/#website"},"datePublished":"2021-05-28T14:23:56+00:00","dateModified":"2024-11-18T10:17:40+00:00","breadcrumb":{"@id":"https:\/\/www.salonelizabeth.sk\/index.php\/kontakt\/#breadcrumb"},"inLanguage":"sk-SK","potentialAction":[{"@type":"ReadAction","target":["https:\/\/www.salonelizabeth.sk\/index.php\/kontakt\/"]}]},{"@type":"BreadcrumbList","@id":"https:\/\/www.salonelizabeth.sk\/index.php\/kontakt\/#breadcrumb","itemListElement":[{"@type":"ListItem","position":1,"name":"Home","item":"https:\/\/www.salonelizabeth.sk\/"},{"@type":"ListItem","position":2,"name":"Kontakt"}]},{"@type":"WebSite","@id":"https:\/\/www.salonelizabeth.sk\/#website","url":"https:\/\/www.salonelizabeth.sk\/","name":"Salon Elizabeth","description":"Len \u010fal\u0161ia WordPress str\u00e1nka","potentialAction":[{"@type":"SearchAction","target":{"@type":"EntryPoint","urlTemplate":"https:\/\/www.salonelizabeth.sk\/?s={search_term_string}"},"query-input":{"@type":"PropertyValueSpecification","valueRequired":true,"valueName":"search_term_string"}}],"inLanguage":"sk-SK"}]}},"_links":{"self":[{"href":"https:\/\/www.salonelizabeth.sk\/index.php\/wp-json\/wp\/v2\/pages\/3342","targetHints":{"allow":["GET"]}}],"collection":[{"href":"https:\/\/www.salonelizabeth.sk\/index.php\/wp-json\/wp\/v2\/pages"}],"about":[{"href":"https:\/\/www.salonelizabeth.sk\/index.php\/wp-json\/wp\/v2\/types\/page"}],"author":[{"embeddable":true,"href":"https:\/\/www.salonelizabeth.sk\/index.php\/wp-json\/wp\/v2\/users\/1"}],"replies":[{"embeddable":true,"href":"https:\/\/www.salonelizabeth.sk\/index.php\/wp-json\/wp\/v2\/comments?post=3342"}],"version-history":[{"count":6,"href":"https:\/\/www.salonelizabeth.sk\/index.php\/wp-json\/wp\/v2\/pages\/3342\/revisions"}],"predecessor-version":[{"id":4186,"href":"https:\/\/www.salonelizabeth.sk\/index.php\/wp-json\/wp\/v2\/pages\/3342\/revisions\/4186"}],"wp:attachment":[{"href":"https:\/\/www.salonelizabeth.sk\/index.php\/wp-json\/wp\/v2\/media?parent=3342"}],"curies":[{"name":"wp","href":"https:\/\/api.w.org\/{rel}","templated":true}]}}