{"id":2451,"date":"2020-06-16T10:03:53","date_gmt":"2020-06-16T08:03:53","guid":{"rendered":"https:\/\/demo2wpopal.b-cdn.net\/bridey\/?page_id=2451"},"modified":"2025-03-09T10:06:50","modified_gmt":"2025-03-09T09:06:50","slug":"domov","status":"publish","type":"page","link":"https:\/\/www.salonelizabeth.sk\/","title":{"rendered":"Domov"},"content":{"rendered":"\t\t<div data-elementor-type=\"wp-page\" data-elementor-id=\"2451\" class=\"elementor elementor-2451\">\n\t\t\t\t\t\t<section class=\"elementor-section elementor-top-section elementor-element elementor-element-f379344 elementor-section-boxed elementor-section-height-default elementor-section-height-default\" data-id=\"f379344\" data-element_type=\"section\">\n\t\t\t\t\t\t<div class=\"elementor-container elementor-column-gap-default\">\n\t\t\t\t\t<div class=\"elementor-column elementor-col-100 elementor-top-column elementor-element elementor-element-b1ccaec\" data-id=\"b1ccaec\" data-element_type=\"column\">\n\t\t\t<div class=\"elementor-widget-wrap elementor-element-populated\">\n\t\t\t\t\t\t<div class=\"elementor-element elementor-element-517dddd elementor-widget elementor-widget-slider_revolution\" data-id=\"517dddd\" data-element_type=\"widget\" data-widget_type=\"slider_revolution.default\">\n\t\t\t\t<div class=\"elementor-widget-container\">\n\t\t\t\t\t\r\n\t\t<div class=\"wp-block-themepunch-revslider\">\n\t\t\t<!-- START Slider 1 REVOLUTION SLIDER 6.4.11 --><p class=\"rs-p-wp-fix\"><\/p>\n\t\t\t<rs-module-wrap id=\"rev_slider_6_1_wrapper\" data-source=\"gallery\" style=\"background:transparent;padding:0;margin:0px auto;margin-top:0;margin-bottom:0;\">\n\t\t\t\t<rs-module id=\"rev_slider_6_1\" style=\"\" data-version=\"6.4.11\">\n\t\t\t\t\t<rs-slides>\n\t\t\t\t\t\t<rs-slide data-key=\"rs-13\" data-title=\"Slide\" data-in=\"o:0;\" data-out=\"a:false;\">\n\t\t\t\t\t\t\t<img decoding=\"async\" src=\"\/\/www.salonelizabeth.sk\/wp-content\/plugins\/revslider\/public\/assets\/assets\/transparent.png\" alt=\"Slide\" title=\"Domov\" class=\"rev-slidebg tp-rs-img\" data-no-retina>\n<!--\n\t\t\t\t\t\t\t--><rs-layer\n\t\t\t\t\t\t\t\tid=\"slider-6-slide-13-layer-0\" \n\t\t\t\t\t\t\t\tdata-type=\"text\"\n\t\t\t\t\t\t\t\tdata-color=\"#000\"\n\t\t\t\t\t\t\t\tdata-xy=\"x:r;xo:427px,384px,283px,147px;y:b;yo:602px,567px,510px,329px;\"\n\t\t\t\t\t\t\t\tdata-text=\"w:normal;s:57,57,57,35;l:74,61,46,28;ls:-2,-1,0,0;\"\n\t\t\t\t\t\t\t\tdata-dim=\"w:399px,399px,399px,164px;h:auto,auto,auto,143px;minh:0,none,none,none;\"\n\t\t\t\t\t\t\t\tdata-rsp_o=\"off\"\n\t\t\t\t\t\t\t\tdata-rsp_bd=\"off\"\n\t\t\t\t\t\t\t\tdata-frame_1=\"e:power0.inOut;sp:1010;\"\n\t\t\t\t\t\t\t\tdata-frame_999=\"o:0;st:w;sR:7990;\"\n\t\t\t\t\t\t\t\tstyle=\"z-index:9;font-family:Shadows Into Light;\"\n\t\t\t\t\t\t\t>Vitajte na str\u00e1nkach Sal\u00f3n Elizabeth \n\t\t\t\t\t\t\t<\/rs-layer><!--\n\n\t\t\t\t\t\t\t--><rs-layer\n\t\t\t\t\t\t\t\tid=\"slider-6-slide-13-layer-7\" \n\t\t\t\t\t\t\t\tdata-type=\"image\"\n\t\t\t\t\t\t\t\tdata-xy=\"x:c;xo:0,0,0,-136px;y:m;yo:0,0,0,-130px;\"\n\t\t\t\t\t\t\t\tdata-text=\"w:normal;s:20,16,12,7;l:0,20,15,9;\"\n\t\t\t\t\t\t\t\tdata-dim=\"w:1590px,1313px,997px,615px;h:899px,742px,563px,347px;\"\n\t\t\t\t\t\t\t\tdata-rsp_o=\"off\"\n\t\t\t\t\t\t\t\tdata-rsp_bd=\"off\"\n\t\t\t\t\t\t\t\tdata-frame_1=\"sp:1000;\"\n\t\t\t\t\t\t\t\tdata-frame_999=\"o:0;st:w;sR:8700;\"\n\t\t\t\t\t\t\t\tstyle=\"z-index:8;\"\n\t\t\t\t\t\t\t><img fetchpriority=\"high\" decoding=\"async\" src=\"\/\/www.salonelizabeth.sk\/wp-content\/uploads\/2020\/05\/slider.jpg\" class=\"tp-rs-img\" width=\"2126\" height=\"1202\" data-no-retina> \n\t\t\t\t\t\t\t<\/rs-layer><!--\n-->\t\t\t\t\t\t<\/rs-slide>\n\t\t\t\t\t<\/rs-slides>\n\t\t\t\t<\/rs-module>\n\t\t\t\t<script type=\"text\/javascript\">\n\t\t\t\t\tsetREVStartSize({c: 'rev_slider_6_1',rl:[1240,1024,778,480],el:[900,768,960,720],gw:[1240,1024,778,480],gh:[900,768,960,720],type:'hero',justify:'',layout:'fullwidth',mh:\"0\"});\n\t\t\t\t\tvar\trevapi6,\n\t\t\t\t\t\ttpj;\n\t\t\t\t\tfunction revinit_revslider61() {\n\t\t\t\t\tjQuery(function() {\n\t\t\t\t\t\ttpj = jQuery;\n\t\t\t\t\t\trevapi6 = tpj(\"#rev_slider_6_1\");\n\t\t\t\t\t\tif(revapi6==undefined || revapi6.revolution == undefined){\n\t\t\t\t\t\t\trevslider_showDoubleJqueryError(\"rev_slider_6_1\");\n\t\t\t\t\t\t}else{\n\t\t\t\t\t\t\trevapi6.revolution({\n\t\t\t\t\t\t\t\tsliderType:\"hero\",\n\t\t\t\t\t\t\t\tDPR:\"dpr\",\n\t\t\t\t\t\t\t\tsliderLayout:\"fullwidth\",\n\t\t\t\t\t\t\t\tvisibilityLevels:\"1240,1024,778,480\",\n\t\t\t\t\t\t\t\tgridwidth:\"1240,1024,778,480\",\n\t\t\t\t\t\t\t\tgridheight:\"900,768,960,720\",\n\t\t\t\t\t\t\t\tperspective:600,\n\t\t\t\t\t\t\t\tperspectiveType:\"global\",\n\t\t\t\t\t\t\t\teditorheight:\"900,768,960,720\",\n\t\t\t\t\t\t\t\tresponsiveLevels:\"1240,1024,778,480\",\n\t\t\t\t\t\t\t\tprogressBar:{disableProgressBar:true},\n\t\t\t\t\t\t\t\tnavigation: {\n\t\t\t\t\t\t\t\t\tonHoverStop:false\n\t\t\t\t\t\t\t\t},\n\t\t\t\t\t\t\t\tfallbacks: {\n\t\t\t\t\t\t\t\t\tallowHTML5AutoPlayOnAndroid:true\n\t\t\t\t\t\t\t\t},\n\t\t\t\t\t\t\t});\n\t\t\t\t\t\t}\n\t\t\t\t\t\t\n\t\t\t\t\t});\n\t\t\t\t\t} \/\/ End of RevInitScript\n\t\t\t\tvar once_revslider61 = false;\n\t\t\t\tif (document.readyState === \"loading\") {document.addEventListener('readystatechange',function() { if((document.readyState === \"interactive\" || document.readyState === \"complete\") && !once_revslider61 ) { once_revslider61 = true; revinit_revslider61();}});} else {once_revslider61 = true; revinit_revslider61();}\n\t\t\t\t<\/script>\n\t\t\t<\/rs-module-wrap>\n\t\t\t<!-- END REVOLUTION SLIDER -->\n<\/div>\r\n\r\n\t\t\t\t\t\t<\/div>\n\t\t\t\t<\/div>\n\t\t\t\t\t<\/div>\n\t\t<\/div>\n\t\t\t\t\t<\/div>\n\t\t<\/section>\n\t\t\t\t<section class=\"elementor-section elementor-top-section elementor-element elementor-element-3eeb961 elementor-section-stretched elementor-section-boxed elementor-section-height-default elementor-section-height-default\" data-id=\"3eeb961\" data-element_type=\"section\" data-settings=\"{&quot;stretch_section&quot;:&quot;section-stretched&quot;}\">\n\t\t\t\t\t\t<div class=\"elementor-container elementor-column-gap-no\">\n\t\t\t\t\t<div class=\"elementor-column elementor-col-33 elementor-top-column elementor-element elementor-element-e6bf166\" data-id=\"e6bf166\" data-element_type=\"column\">\n\t\t\t<div class=\"elementor-widget-wrap elementor-element-populated\">\n\t\t\t\t\t\t<section class=\"elementor-section elementor-inner-section elementor-element elementor-element-034849e elementor-section-height-min-height elementor-section-boxed elementor-section-height-default\" data-id=\"034849e\" data-element_type=\"section\">\n\t\t\t\t\t\t<div class=\"elementor-container elementor-column-gap-no\">\n\t\t\t\t\t<div class=\"elementor-column elementor-col-100 elementor-inner-column elementor-element elementor-element-a44785e\" data-id=\"a44785e\" data-element_type=\"column\">\n\t\t\t<div class=\"elementor-widget-wrap elementor-element-populated\">\n\t\t\t\t\t\t<div class=\"elementor-element elementor-element-d47dfa2 elementor-widget elementor-widget-text-editor\" data-id=\"d47dfa2\" data-element_type=\"widget\" data-widget_type=\"text-editor.default\">\n\t\t\t\t<div class=\"elementor-widget-container\">\n\t\t\t\t\t\t\t\t\t<p>SALON ELIZABETH<\/p>\t\t\t\t\t\t\t\t<\/div>\n\t\t\t\t<\/div>\n\t\t\t\t<div class=\"elementor-element elementor-element-df8ad1a elementor-widget elementor-widget-heading\" data-id=\"df8ad1a\" data-element_type=\"widget\" data-widget_type=\"heading.default\">\n\t\t\t\t<div class=\"elementor-widget-container\">\n\t\t\t\t\t<h4 class=\"elementor-heading-title elementor-size-default\">V\u0161etko <br>pod jednou strechou<\/h4>\t\t\t\t<\/div>\n\t\t\t\t<\/div>\n\t\t\t\t<div class=\"elementor-element elementor-element-1716337 elementor-widget elementor-widget-image\" data-id=\"1716337\" data-element_type=\"widget\" data-widget_type=\"image.default\">\n\t\t\t\t<div class=\"elementor-widget-container\">\n\t\t\t\t\t\t\t\t\t\t\t\t\t\t\t<img decoding=\"async\" width=\"101\" height=\"29\" src=\"https:\/\/www.salonelizabeth.sk\/wp-content\/uploads\/2020\/05\/decor.png\" class=\"attachment-full size-full wp-image-270\" alt=\"\" \/>\t\t\t\t\t\t\t\t\t\t\t\t\t\t\t<\/div>\n\t\t\t\t<\/div>\n\t\t\t\t<div class=\"elementor-element elementor-element-13f59ad elementor-widget elementor-widget-text-editor\" data-id=\"13f59ad\" data-element_type=\"widget\" data-widget_type=\"text-editor.default\">\n\t\t\t\t<div class=\"elementor-widget-container\">\n\t\t\t\t\t\t\t\t\t<p>Vitajte na str\u00e1nkach svadobn\u00e9ho sal\u00f3nu Elizabeth.<b>\u00a0<br \/><\/b><b>Sal\u00f3n s dlhoro\u010dnou trad\u00edciou pon\u00faka<\/b><\/p><p><b>naj\u0161ir\u0161\u00ed v\u00fdber svadobn\u00fdch a spolo\u010densk\u00fdch \u0161iat v Martine a okol\u00ed.<\/b><b>\u00a0<\/b>\u00a0<\/p><p>\u00a0<\/p>\t\t\t\t\t\t\t\t<\/div>\n\t\t\t\t<\/div>\n\t\t\t\t<div class=\"elementor-element elementor-element-21fc441 elementor-widget__width-auto elementor-absolute elementor-hidden-tablet elementor-hidden-phone elementor-widget elementor-widget-image\" data-id=\"21fc441\" data-element_type=\"widget\" data-settings=\"{&quot;_position&quot;:&quot;absolute&quot;}\" data-widget_type=\"image.default\">\n\t\t\t\t<div class=\"elementor-widget-container\">\n\t\t\t\t\t\t\t\t\t\t\t\t\t\t\t<img decoding=\"async\" width=\"222\" height=\"186\" src=\"https:\/\/www.salonelizabeth.sk\/wp-content\/uploads\/2020\/06\/home7_image6.png\" class=\"attachment-full size-full wp-image-2572\" alt=\"\" \/>\t\t\t\t\t\t\t\t\t\t\t\t\t\t\t<\/div>\n\t\t\t\t<\/div>\n\t\t\t\t\t<\/div>\n\t\t<\/div>\n\t\t\t\t\t<\/div>\n\t\t<\/section>\n\t\t\t\t\t<\/div>\n\t\t<\/div>\n\t\t\t\t<div class=\"elementor-column elementor-col-33 elementor-top-column elementor-element elementor-element-22eb29f\" data-id=\"22eb29f\" data-element_type=\"column\">\n\t\t\t<div class=\"elementor-widget-wrap elementor-element-populated\">\n\t\t\t\t\t\t<div class=\"elementor-element elementor-element-bf3f752 elementor-widget elementor-widget-image\" data-id=\"bf3f752\" data-element_type=\"widget\" data-widget_type=\"image.default\">\n\t\t\t\t<div class=\"elementor-widget-container\">\n\t\t\t\t\t\t\t\t\t\t\t\t\t\t\t<img loading=\"lazy\" decoding=\"async\" width=\"598\" height=\"698\" src=\"https:\/\/www.salonelizabeth.sk\/wp-content\/uploads\/2021\/08\/vsetko-pod-1-strechou.jpg\" class=\"attachment-full size-full wp-image-3752\" alt=\"\" srcset=\"https:\/\/www.salonelizabeth.sk\/wp-content\/uploads\/2021\/08\/vsetko-pod-1-strechou.jpg 598w, https:\/\/www.salonelizabeth.sk\/wp-content\/uploads\/2021\/08\/vsetko-pod-1-strechou-257x300.jpg 257w\" sizes=\"(max-width: 598px) 100vw, 598px\" \/>\t\t\t\t\t\t\t\t\t\t\t\t\t\t\t<\/div>\n\t\t\t\t<\/div>\n\t\t\t\t\t<\/div>\n\t\t<\/div>\n\t\t\t\t<div class=\"elementor-column elementor-col-33 elementor-top-column elementor-element elementor-element-dca5b43\" data-id=\"dca5b43\" data-element_type=\"column\">\n\t\t\t<div class=\"elementor-widget-wrap elementor-element-populated\">\n\t\t\t\t\t\t<div class=\"elementor-element elementor-element-4d4bcfa elementor-widget__width-auto elementor-absolute elementor-hidden-phone elementor-widget elementor-widget-image\" data-id=\"4d4bcfa\" data-element_type=\"widget\" data-settings=\"{&quot;_position&quot;:&quot;absolute&quot;}\" data-widget_type=\"image.default\">\n\t\t\t\t<div class=\"elementor-widget-container\">\n\t\t\t\t\t\t\t\t\t\t\t\t\t\t\t<img loading=\"lazy\" decoding=\"async\" width=\"176\" height=\"254\" src=\"https:\/\/www.salonelizabeth.sk\/wp-content\/uploads\/2020\/06\/home7_image5.png\" class=\"attachment-full size-full wp-image-2569\" alt=\"\" \/>\t\t\t\t\t\t\t\t\t\t\t\t\t\t\t<\/div>\n\t\t\t\t<\/div>\n\t\t\t\t<div class=\"elementor-element elementor-element-447a0aa elementor-hidden-phone elementor-widget elementor-widget-image\" data-id=\"447a0aa\" data-element_type=\"widget\" data-widget_type=\"image.default\">\n\t\t\t\t<div class=\"elementor-widget-container\">\n\t\t\t\t\t\t\t\t\t\t\t\t\t\t\t<img decoding=\"async\" src=\"http:\/\/localhost\/wordpress\/bridey\/wp-content\/uploads\/2020\/06\/home1_img_1243.jpg\" title=\"\" alt=\"\" loading=\"lazy\" \/>\t\t\t\t\t\t\t\t\t\t\t\t\t\t\t<\/div>\n\t\t\t\t<\/div>\n\t\t\t\t\t<\/div>\n\t\t<\/div>\n\t\t\t\t\t<\/div>\n\t\t<\/section>\n\t\t\t\t<section class=\"elementor-section elementor-top-section elementor-element elementor-element-a5faaa5 elementor-section-stretched elementor-section-boxed elementor-section-height-default elementor-section-height-default\" data-id=\"a5faaa5\" data-element_type=\"section\" data-settings=\"{&quot;stretch_section&quot;:&quot;section-stretched&quot;}\">\n\t\t\t\t\t\t<div class=\"elementor-container elementor-column-gap-no\">\n\t\t\t\t\t<div class=\"elementor-column elementor-col-100 elementor-top-column elementor-element elementor-element-eb65685\" data-id=\"eb65685\" data-element_type=\"column\">\n\t\t\t<div class=\"elementor-widget-wrap\">\n\t\t\t\t\t\t\t<\/div>\n\t\t<\/div>\n\t\t\t\t\t<\/div>\n\t\t<\/section>\n\t\t\t\t<\/div>\n\t\t","protected":false},"excerpt":{"rendered":"<p>SALON ELIZABETH V\u0161etko pod jednou strechou Vitajte na str\u00e1nkach svadobn\u00e9ho sal\u00f3nu Elizabeth.\u00a0Sal\u00f3n s dlhoro\u010dnou trad\u00edciou pon\u00faka naj\u0161ir\u0161\u00ed v\u00fdber svadobn\u00fdch a spolo\u010densk\u00fdch \u0161iat v Martine a okol\u00ed.\u00a0\u00a0 \u00a0<\/p>\n","protected":false},"author":1,"featured_media":0,"parent":0,"menu_order":0,"comment_status":"closed","ping_status":"closed","template":"template-homepage.php","meta":{"inline_featured_image":false,"_monsterinsights_skip_tracking":false,"_monsterinsights_sitenote_active":false,"_monsterinsights_sitenote_note":"","_monsterinsights_sitenote_category":0,"footnotes":""},"class_list":["post-2451","page","type-page","status-publish","hentry"],"yoast_head":"<!-- This site is optimized with the Yoast SEO plugin v24.6 - https:\/\/yoast.com\/wordpress\/plugins\/seo\/ -->\n<title>Domov - Salon Elizabeth<\/title>\n<meta name=\"robots\" content=\"index, follow, max-snippet:-1, max-image-preview:large, max-video-preview:-1\" \/>\n<link rel=\"canonical\" href=\"https:\/\/www.salonelizabeth.sk\/\" \/>\n<meta property=\"og:locale\" content=\"sk_SK\" \/>\n<meta property=\"og:type\" content=\"article\" \/>\n<meta property=\"og:title\" content=\"Domov - Salon Elizabeth\" \/>\n<meta property=\"og:description\" content=\"SALON ELIZABETH V\u0161etko pod jednou strechou Vitajte na str\u00e1nkach svadobn\u00e9ho sal\u00f3nu Elizabeth.\u00a0Sal\u00f3n s dlhoro\u010dnou trad\u00edciou pon\u00faka naj\u0161ir\u0161\u00ed v\u00fdber svadobn\u00fdch a spolo\u010densk\u00fdch \u0161iat v Martine a okol\u00ed.\u00a0\u00a0 \u00a0\" \/>\n<meta property=\"og:url\" content=\"https:\/\/www.salonelizabeth.sk\/\" \/>\n<meta property=\"og:site_name\" content=\"Salon Elizabeth\" \/>\n<meta property=\"article:modified_time\" content=\"2025-03-09T09:06:50+00:00\" \/>\n<meta property=\"og:image\" content=\"https:\/\/www.salonelizabeth.sk\/wp-content\/uploads\/2020\/05\/decor.png\" \/>\n<meta name=\"twitter:card\" content=\"summary_large_image\" \/>\n<meta name=\"twitter:label1\" content=\"Predpokladan\u00fd \u010das \u010d\u00edtania\" \/>\n\t<meta name=\"twitter:data1\" content=\"2 min\u00faty\" \/>\n<script type=\"application\/ld+json\" class=\"yoast-schema-graph\">{\"@context\":\"https:\/\/schema.org\",\"@graph\":[{\"@type\":\"WebPage\",\"@id\":\"https:\/\/www.salonelizabeth.sk\/\",\"url\":\"https:\/\/www.salonelizabeth.sk\/\",\"name\":\"Domov - Salon Elizabeth\",\"isPartOf\":{\"@id\":\"https:\/\/www.salonelizabeth.sk\/#website\"},\"primaryImageOfPage\":{\"@id\":\"https:\/\/www.salonelizabeth.sk\/#primaryimage\"},\"image\":{\"@id\":\"https:\/\/www.salonelizabeth.sk\/#primaryimage\"},\"thumbnailUrl\":\"https:\/\/www.salonelizabeth.sk\/wp-content\/uploads\/2020\/05\/decor.png\",\"datePublished\":\"2020-06-16T08:03:53+00:00\",\"dateModified\":\"2025-03-09T09:06:50+00:00\",\"breadcrumb\":{\"@id\":\"https:\/\/www.salonelizabeth.sk\/#breadcrumb\"},\"inLanguage\":\"sk-SK\",\"potentialAction\":[{\"@type\":\"ReadAction\",\"target\":[\"https:\/\/www.salonelizabeth.sk\/\"]}]},{\"@type\":\"ImageObject\",\"inLanguage\":\"sk-SK\",\"@id\":\"https:\/\/www.salonelizabeth.sk\/#primaryimage\",\"url\":\"https:\/\/www.salonelizabeth.sk\/wp-content\/uploads\/2020\/05\/decor.png\",\"contentUrl\":\"https:\/\/www.salonelizabeth.sk\/wp-content\/uploads\/2020\/05\/decor.png\",\"width\":101,\"height\":29},{\"@type\":\"BreadcrumbList\",\"@id\":\"https:\/\/www.salonelizabeth.sk\/#breadcrumb\",\"itemListElement\":[{\"@type\":\"ListItem\",\"position\":1,\"name\":\"Home\",\"item\":\"https:\/\/www.salonelizabeth.sk\/\"},{\"@type\":\"ListItem\",\"position\":2,\"name\":\"Domov\"}]},{\"@type\":\"WebSite\",\"@id\":\"https:\/\/www.salonelizabeth.sk\/#website\",\"url\":\"https:\/\/www.salonelizabeth.sk\/\",\"name\":\"Salon Elizabeth\",\"description\":\"Len \u010fal\u0161ia WordPress str\u00e1nka\",\"potentialAction\":[{\"@type\":\"SearchAction\",\"target\":{\"@type\":\"EntryPoint\",\"urlTemplate\":\"https:\/\/www.salonelizabeth.sk\/?s={search_term_string}\"},\"query-input\":{\"@type\":\"PropertyValueSpecification\",\"valueRequired\":true,\"valueName\":\"search_term_string\"}}],\"inLanguage\":\"sk-SK\"}]}<\/script>\n<!-- \/ Yoast SEO plugin. -->","yoast_head_json":{"title":"Domov - Salon Elizabeth","robots":{"index":"index","follow":"follow","max-snippet":"max-snippet:-1","max-image-preview":"max-image-preview:large","max-video-preview":"max-video-preview:-1"},"canonical":"https:\/\/www.salonelizabeth.sk\/","og_locale":"sk_SK","og_type":"article","og_title":"Domov - Salon Elizabeth","og_description":"SALON ELIZABETH V\u0161etko pod jednou strechou Vitajte na str\u00e1nkach svadobn\u00e9ho sal\u00f3nu Elizabeth.\u00a0Sal\u00f3n s dlhoro\u010dnou trad\u00edciou pon\u00faka naj\u0161ir\u0161\u00ed v\u00fdber svadobn\u00fdch a spolo\u010densk\u00fdch \u0161iat v Martine a okol\u00ed.\u00a0\u00a0 \u00a0","og_url":"https:\/\/www.salonelizabeth.sk\/","og_site_name":"Salon Elizabeth","article_modified_time":"2025-03-09T09:06:50+00:00","og_image":[{"url":"https:\/\/www.salonelizabeth.sk\/wp-content\/uploads\/2020\/05\/decor.png","type":"","width":"","height":""}],"twitter_card":"summary_large_image","twitter_misc":{"Predpokladan\u00fd \u010das \u010d\u00edtania":"2 min\u00faty"},"schema":{"@context":"https:\/\/schema.org","@graph":[{"@type":"WebPage","@id":"https:\/\/www.salonelizabeth.sk\/","url":"https:\/\/www.salonelizabeth.sk\/","name":"Domov - Salon Elizabeth","isPartOf":{"@id":"https:\/\/www.salonelizabeth.sk\/#website"},"primaryImageOfPage":{"@id":"https:\/\/www.salonelizabeth.sk\/#primaryimage"},"image":{"@id":"https:\/\/www.salonelizabeth.sk\/#primaryimage"},"thumbnailUrl":"https:\/\/www.salonelizabeth.sk\/wp-content\/uploads\/2020\/05\/decor.png","datePublished":"2020-06-16T08:03:53+00:00","dateModified":"2025-03-09T09:06:50+00:00","breadcrumb":{"@id":"https:\/\/www.salonelizabeth.sk\/#breadcrumb"},"inLanguage":"sk-SK","potentialAction":[{"@type":"ReadAction","target":["https:\/\/www.salonelizabeth.sk\/"]}]},{"@type":"ImageObject","inLanguage":"sk-SK","@id":"https:\/\/www.salonelizabeth.sk\/#primaryimage","url":"https:\/\/www.salonelizabeth.sk\/wp-content\/uploads\/2020\/05\/decor.png","contentUrl":"https:\/\/www.salonelizabeth.sk\/wp-content\/uploads\/2020\/05\/decor.png","width":101,"height":29},{"@type":"BreadcrumbList","@id":"https:\/\/www.salonelizabeth.sk\/#breadcrumb","itemListElement":[{"@type":"ListItem","position":1,"name":"Home","item":"https:\/\/www.salonelizabeth.sk\/"},{"@type":"ListItem","position":2,"name":"Domov"}]},{"@type":"WebSite","@id":"https:\/\/www.salonelizabeth.sk\/#website","url":"https:\/\/www.salonelizabeth.sk\/","name":"Salon Elizabeth","description":"Len \u010fal\u0161ia WordPress str\u00e1nka","potentialAction":[{"@type":"SearchAction","target":{"@type":"EntryPoint","urlTemplate":"https:\/\/www.salonelizabeth.sk\/?s={search_term_string}"},"query-input":{"@type":"PropertyValueSpecification","valueRequired":true,"valueName":"search_term_string"}}],"inLanguage":"sk-SK"}]}},"_links":{"self":[{"href":"https:\/\/www.salonelizabeth.sk\/index.php\/wp-json\/wp\/v2\/pages\/2451","targetHints":{"allow":["GET"]}}],"collection":[{"href":"https:\/\/www.salonelizabeth.sk\/index.php\/wp-json\/wp\/v2\/pages"}],"about":[{"href":"https:\/\/www.salonelizabeth.sk\/index.php\/wp-json\/wp\/v2\/types\/page"}],"author":[{"embeddable":true,"href":"https:\/\/www.salonelizabeth.sk\/index.php\/wp-json\/wp\/v2\/users\/1"}],"replies":[{"embeddable":true,"href":"https:\/\/www.salonelizabeth.sk\/index.php\/wp-json\/wp\/v2\/comments?post=2451"}],"version-history":[{"count":6,"href":"https:\/\/www.salonelizabeth.sk\/index.php\/wp-json\/wp\/v2\/pages\/2451\/revisions"}],"predecessor-version":[{"id":4230,"href":"https:\/\/www.salonelizabeth.sk\/index.php\/wp-json\/wp\/v2\/pages\/2451\/revisions\/4230"}],"wp:attachment":[{"href":"https:\/\/www.salonelizabeth.sk\/index.php\/wp-json\/wp\/v2\/media?parent=2451"}],"curies":[{"name":"wp","href":"https:\/\/api.w.org\/{rel}","templated":true}]}}