{"id":1016,"date":"2020-05-13T09:44:05","date_gmt":"2020-05-13T09:44:05","guid":{"rendered":"https:\/\/demo2wpopal.b-cdn.net\/bridey\/?page_id=1016"},"modified":"2020-05-13T09:44:05","modified_gmt":"2020-05-13T09:44:05","slug":"contact-us","status":"publish","type":"page","link":"https:\/\/www.salonelizabeth.sk\/index.php\/contact-us\/","title":{"rendered":"Contact Us"},"content":{"rendered":"\t\t<div data-elementor-type=\"wp-page\" data-elementor-id=\"1016\" class=\"elementor elementor-1016\">\n\t\t\t\t\t\t<section class=\"elementor-section elementor-top-section elementor-element elementor-element-9d8173d elementor-section-stretched elementor-section-boxed elementor-section-height-default elementor-section-height-default\" data-id=\"9d8173d\" data-element_type=\"section\" data-settings=\"{&quot;stretch_section&quot;:&quot;section-stretched&quot;}\">\n\t\t\t\t\t\t<div class=\"elementor-container elementor-column-gap-no\">\n\t\t\t\t\t<div class=\"elementor-column elementor-col-100 elementor-top-column elementor-element elementor-element-276ce32\" data-id=\"276ce32\" data-element_type=\"column\">\n\t\t\t<div class=\"elementor-widget-wrap elementor-element-populated\">\n\t\t\t\t\t\t<div class=\"elementor-element elementor-element-a8c3b4c elementor-widget elementor-widget-text-editor\" data-id=\"a8c3b4c\" data-element_type=\"widget\" data-widget_type=\"text-editor.default\">\n\t\t\t\t<div class=\"elementor-widget-container\">\n\t\t\t\t\t\t\t\t\t<p>Your wedding dress should capture the feeling of your love story<\/p>\t\t\t\t\t\t\t\t<\/div>\n\t\t\t\t<\/div>\n\t\t\t\t<div class=\"elementor-element elementor-element-41c0abc elementor-widget elementor-widget-text-editor\" data-id=\"41c0abc\" data-element_type=\"widget\" data-widget_type=\"text-editor.default\">\n\t\t\t\t<div class=\"elementor-widget-container\">\n\t\t\t\t\t\t\t\t\t<p>We treat our brides like the royalty they are. When you come into our store, you are walking into luxury where all of your champagne dreams come true.<\/p>\t\t\t\t\t\t\t\t<\/div>\n\t\t\t\t<\/div>\n\t\t\t\t\t<\/div>\n\t\t<\/div>\n\t\t\t\t\t<\/div>\n\t\t<\/section>\n\t\t\t\t<section class=\"elementor-section elementor-top-section elementor-element elementor-element-8342c11 elementor-section-stretched elementor-section-boxed elementor-section-height-default elementor-section-height-default\" data-id=\"8342c11\" data-element_type=\"section\" data-settings=\"{&quot;stretch_section&quot;:&quot;section-stretched&quot;}\">\n\t\t\t\t\t\t<div class=\"elementor-container elementor-column-gap-no\">\n\t\t\t\t\t<div class=\"elementor-column elementor-col-100 elementor-top-column elementor-element elementor-element-1c94ba4\" data-id=\"1c94ba4\" data-element_type=\"column\">\n\t\t\t<div class=\"elementor-widget-wrap elementor-element-populated\">\n\t\t\t\t\t\t<section class=\"elementor-section elementor-inner-section elementor-element elementor-element-5efdbf8 elementor-section-boxed elementor-section-height-default elementor-section-height-default\" data-id=\"5efdbf8\" data-element_type=\"section\">\n\t\t\t\t\t\t<div class=\"elementor-container elementor-column-gap-no\">\n\t\t\t\t\t<div class=\"elementor-column elementor-col-50 elementor-inner-column elementor-element elementor-element-a274a9c\" data-id=\"a274a9c\" data-element_type=\"column\">\n\t\t\t<div class=\"elementor-widget-wrap elementor-element-populated\">\n\t\t\t\t\t\t<div class=\"elementor-element elementor-element-c8354c3 elementor-widget elementor-widget-heading\" data-id=\"c8354c3\" data-element_type=\"widget\" data-widget_type=\"heading.default\">\n\t\t\t\t<div class=\"elementor-widget-container\">\n\t\t\t\t\t<h2 class=\"elementor-heading-title elementor-size-default\">Our store<\/h2>\t\t\t\t<\/div>\n\t\t\t\t<\/div>\n\t\t\t\t<div class=\"elementor-element elementor-element-83dfa52 elementor-widget elementor-widget-text-editor\" data-id=\"83dfa52\" data-element_type=\"widget\" data-widget_type=\"text-editor.default\">\n\t\t\t\t<div class=\"elementor-widget-container\">\n\t\t\t\t\t\t\t\t\tBox 565, Charlestown, Nevis, West\nIndies,Caribbean\t\t\t\t\t\t\t\t<\/div>\n\t\t\t\t<\/div>\n\t\t\t\t<div class=\"elementor-element elementor-element-e66ba4e elementor-widget elementor-widget-heading\" data-id=\"e66ba4e\" data-element_type=\"widget\" data-widget_type=\"heading.default\">\n\t\t\t\t<div class=\"elementor-widget-container\">\n\t\t\t\t\t<h2 class=\"elementor-heading-title elementor-size-default\">Our Business Hours<\/h2>\t\t\t\t<\/div>\n\t\t\t\t<\/div>\n\t\t\t\t<div class=\"elementor-element elementor-element-4a9a369 elementor-widget elementor-widget-text-editor\" data-id=\"4a9a369\" data-element_type=\"widget\" data-widget_type=\"text-editor.default\">\n\t\t\t\t<div class=\"elementor-widget-container\">\n\t\t\t\t\t\t\t\t\t<p>Monday &#8211; Friday:<br \/><span style=\"color: #000000;\">8am &#8211; 4pm<\/span><br \/>Saturday, Sunday:<br \/><span style=\"color: #000000;\">9am &#8211; 5pm<\/span><\/p>\t\t\t\t\t\t\t\t<\/div>\n\t\t\t\t<\/div>\n\t\t\t\t<div class=\"elementor-element elementor-element-948c875 elementor-widget elementor-widget-heading\" data-id=\"948c875\" data-element_type=\"widget\" data-widget_type=\"heading.default\">\n\t\t\t\t<div class=\"elementor-widget-container\">\n\t\t\t\t\t<h2 class=\"elementor-heading-title elementor-size-default\">Our Contact Information<\/h2>\t\t\t\t<\/div>\n\t\t\t\t<\/div>\n\t\t\t\t<div class=\"elementor-element elementor-element-3bde8ba elementor-widget elementor-widget-text-editor\" data-id=\"3bde8ba\" data-element_type=\"widget\" data-widget_type=\"text-editor.default\">\n\t\t\t\t<div class=\"elementor-widget-container\">\n\t\t\t\t\t\t\t\t\t(844) 1800-3355<br>\ninfo@example.com\t\t\t\t\t\t\t\t<\/div>\n\t\t\t\t<\/div>\n\t\t\t\t\t<\/div>\n\t\t<\/div>\n\t\t\t\t<div class=\"elementor-column elementor-col-50 elementor-inner-column elementor-element elementor-element-1e5b1d0\" data-id=\"1e5b1d0\" data-element_type=\"column\">\n\t\t\t<div class=\"elementor-widget-wrap elementor-element-populated\">\n\t\t\t\t\t\t<div class=\"elementor-element elementor-element-d3b2afe elementor-widget elementor-widget-form\" data-id=\"d3b2afe\" data-element_type=\"widget\" data-widget_type=\"form.default\">\n\t\t\t\t<div class=\"elementor-widget-container\">\n\t\t\t\t\t \t\t\t\t<\/div>\n\t\t\t\t<\/div>\n\t\t\t\t\t<\/div>\n\t\t<\/div>\n\t\t\t\t\t<\/div>\n\t\t<\/section>\n\t\t\t\t\t<\/div>\n\t\t<\/div>\n\t\t\t\t\t<\/div>\n\t\t<\/section>\n\t\t\t\t<\/div>\n\t\t","protected":false},"excerpt":{"rendered":"<p>Your wedding dress should capture the feeling of your love story We treat our brides like the royalty they are. When you come into our store, you are walking into luxury where all of your champagne dreams come true. Our store Box 565, Charlestown, Nevis, West Indies,Caribbean Our Business Hours Monday &#8211; Friday: 8am &#8211; [&hellip;]<\/p>\n","protected":false},"author":1,"featured_media":0,"parent":0,"menu_order":0,"comment_status":"closed","ping_status":"closed","template":"elementor_header_footer","meta":{"inline_featured_image":false,"_monsterinsights_skip_tracking":false,"_monsterinsights_sitenote_active":false,"_monsterinsights_sitenote_note":"","_monsterinsights_sitenote_category":0,"footnotes":""},"class_list":["post-1016","page","type-page","status-publish","hentry"],"yoast_head":"<!-- This site is optimized with the Yoast SEO plugin v24.6 - https:\/\/yoast.com\/wordpress\/plugins\/seo\/ -->\n<title>Contact Us - Salon Elizabeth<\/title>\n<meta name=\"robots\" content=\"index, follow, max-snippet:-1, max-image-preview:large, max-video-preview:-1\" \/>\n<link rel=\"canonical\" href=\"https:\/\/www.salonelizabeth.sk\/index.php\/contact-us\/\" \/>\n<meta property=\"og:locale\" content=\"sk_SK\" \/>\n<meta property=\"og:type\" content=\"article\" \/>\n<meta property=\"og:title\" content=\"Contact Us - Salon Elizabeth\" \/>\n<meta property=\"og:description\" content=\"Your wedding dress should capture the feeling of your love story We treat our brides like the royalty they are. When you come into our store, you are walking into luxury where all of your champagne dreams come true. Our store Box 565, Charlestown, Nevis, West Indies,Caribbean Our Business Hours Monday &#8211; Friday: 8am &#8211; [&hellip;]\" \/>\n<meta property=\"og:url\" content=\"https:\/\/www.salonelizabeth.sk\/index.php\/contact-us\/\" \/>\n<meta property=\"og:site_name\" content=\"Salon Elizabeth\" \/>\n<meta name=\"twitter:card\" content=\"summary_large_image\" \/>\n<script type=\"application\/ld+json\" class=\"yoast-schema-graph\">{\"@context\":\"https:\/\/schema.org\",\"@graph\":[{\"@type\":\"WebPage\",\"@id\":\"https:\/\/www.salonelizabeth.sk\/index.php\/contact-us\/\",\"url\":\"https:\/\/www.salonelizabeth.sk\/index.php\/contact-us\/\",\"name\":\"Contact Us - Salon Elizabeth\",\"isPartOf\":{\"@id\":\"https:\/\/www.salonelizabeth.sk\/#website\"},\"datePublished\":\"2020-05-13T09:44:05+00:00\",\"breadcrumb\":{\"@id\":\"https:\/\/www.salonelizabeth.sk\/index.php\/contact-us\/#breadcrumb\"},\"inLanguage\":\"sk-SK\",\"potentialAction\":[{\"@type\":\"ReadAction\",\"target\":[\"https:\/\/www.salonelizabeth.sk\/index.php\/contact-us\/\"]}]},{\"@type\":\"BreadcrumbList\",\"@id\":\"https:\/\/www.salonelizabeth.sk\/index.php\/contact-us\/#breadcrumb\",\"itemListElement\":[{\"@type\":\"ListItem\",\"position\":1,\"name\":\"Home\",\"item\":\"https:\/\/www.salonelizabeth.sk\/\"},{\"@type\":\"ListItem\",\"position\":2,\"name\":\"Contact Us\"}]},{\"@type\":\"WebSite\",\"@id\":\"https:\/\/www.salonelizabeth.sk\/#website\",\"url\":\"https:\/\/www.salonelizabeth.sk\/\",\"name\":\"Salon Elizabeth\",\"description\":\"Len \u010fal\u0161ia WordPress str\u00e1nka\",\"potentialAction\":[{\"@type\":\"SearchAction\",\"target\":{\"@type\":\"EntryPoint\",\"urlTemplate\":\"https:\/\/www.salonelizabeth.sk\/?s={search_term_string}\"},\"query-input\":{\"@type\":\"PropertyValueSpecification\",\"valueRequired\":true,\"valueName\":\"search_term_string\"}}],\"inLanguage\":\"sk-SK\"}]}<\/script>\n<!-- \/ Yoast SEO plugin. -->","yoast_head_json":{"title":"Contact Us - Salon Elizabeth","robots":{"index":"index","follow":"follow","max-snippet":"max-snippet:-1","max-image-preview":"max-image-preview:large","max-video-preview":"max-video-preview:-1"},"canonical":"https:\/\/www.salonelizabeth.sk\/index.php\/contact-us\/","og_locale":"sk_SK","og_type":"article","og_title":"Contact Us - Salon Elizabeth","og_description":"Your wedding dress should capture the feeling of your love story We treat our brides like the royalty they are. When you come into our store, you are walking into luxury where all of your champagne dreams come true. Our store Box 565, Charlestown, Nevis, West Indies,Caribbean Our Business Hours Monday &#8211; Friday: 8am &#8211; [&hellip;]","og_url":"https:\/\/www.salonelizabeth.sk\/index.php\/contact-us\/","og_site_name":"Salon Elizabeth","twitter_card":"summary_large_image","schema":{"@context":"https:\/\/schema.org","@graph":[{"@type":"WebPage","@id":"https:\/\/www.salonelizabeth.sk\/index.php\/contact-us\/","url":"https:\/\/www.salonelizabeth.sk\/index.php\/contact-us\/","name":"Contact Us - Salon Elizabeth","isPartOf":{"@id":"https:\/\/www.salonelizabeth.sk\/#website"},"datePublished":"2020-05-13T09:44:05+00:00","breadcrumb":{"@id":"https:\/\/www.salonelizabeth.sk\/index.php\/contact-us\/#breadcrumb"},"inLanguage":"sk-SK","potentialAction":[{"@type":"ReadAction","target":["https:\/\/www.salonelizabeth.sk\/index.php\/contact-us\/"]}]},{"@type":"BreadcrumbList","@id":"https:\/\/www.salonelizabeth.sk\/index.php\/contact-us\/#breadcrumb","itemListElement":[{"@type":"ListItem","position":1,"name":"Home","item":"https:\/\/www.salonelizabeth.sk\/"},{"@type":"ListItem","position":2,"name":"Contact Us"}]},{"@type":"WebSite","@id":"https:\/\/www.salonelizabeth.sk\/#website","url":"https:\/\/www.salonelizabeth.sk\/","name":"Salon Elizabeth","description":"Len \u010fal\u0161ia WordPress str\u00e1nka","potentialAction":[{"@type":"SearchAction","target":{"@type":"EntryPoint","urlTemplate":"https:\/\/www.salonelizabeth.sk\/?s={search_term_string}"},"query-input":{"@type":"PropertyValueSpecification","valueRequired":true,"valueName":"search_term_string"}}],"inLanguage":"sk-SK"}]}},"_links":{"self":[{"href":"https:\/\/www.salonelizabeth.sk\/index.php\/wp-json\/wp\/v2\/pages\/1016","targetHints":{"allow":["GET"]}}],"collection":[{"href":"https:\/\/www.salonelizabeth.sk\/index.php\/wp-json\/wp\/v2\/pages"}],"about":[{"href":"https:\/\/www.salonelizabeth.sk\/index.php\/wp-json\/wp\/v2\/types\/page"}],"author":[{"embeddable":true,"href":"https:\/\/www.salonelizabeth.sk\/index.php\/wp-json\/wp\/v2\/users\/1"}],"replies":[{"embeddable":true,"href":"https:\/\/www.salonelizabeth.sk\/index.php\/wp-json\/wp\/v2\/comments?post=1016"}],"version-history":[{"count":0,"href":"https:\/\/www.salonelizabeth.sk\/index.php\/wp-json\/wp\/v2\/pages\/1016\/revisions"}],"wp:attachment":[{"href":"https:\/\/www.salonelizabeth.sk\/index.php\/wp-json\/wp\/v2\/media?parent=1016"}],"curies":[{"name":"wp","href":"https:\/\/api.w.org\/{rel}","templated":true}]}}